{"id":116,"date":"2025-12-16T23:21:53","date_gmt":"2025-12-16T23:21:53","guid":{"rendered":"https:\/\/hotelcasaarianabacalar.com\/?page_id=116"},"modified":"2025-12-16T23:25:40","modified_gmt":"2025-12-16T23:25:40","slug":"reservaciones-hotel-casa-ariana-bacalar","status":"publish","type":"page","link":"https:\/\/hotelcasaarianabacalar.com\/index.php\/reservaciones-hotel-casa-ariana-bacalar\/","title":{"rendered":"Reservaciones \u2013 Hotel Casa Ariana Bacalar"},"content":{"rendered":"\n<div class=\"wp-block-stackable-columns stk-block-columns stk-block stk-602892e\" data-block-id=\"602892e\"><div class=\"stk-row stk-inner-blocks stk-block-content stk-content-align stk-602892e-column\">\n<div class=\"wp-block-stackable-column stk-block-column stk-column stk-block stk-b17a53a\" data-v=\"4\" data-block-id=\"b17a53a\"><div class=\"stk-column-wrapper stk-block-column__content stk-container stk-b17a53a-container stk--no-background stk--no-padding\"><div class=\"stk-block-content stk-inner-blocks stk-b17a53a-inner-blocks\">\n<form style=\"max-width:700px;margin:auto;\">\n  <h2 style=\"text-align:center;\">Reservaciones \u2013 Hotel Casa Ariana Bacalar<\/h2>\n\n  <!-- DATOS GENERALES -->\n  <fieldset style=\"margin-bottom:20px;\">\n    <legend><strong>Datos del hu\u00e9sped<\/strong><\/legend>\n\n    <label>Nombre completo<\/label><br>\n    <input type=\"text\" style=\"width:100%;padding:8px;\" required><br><br>\n\n    <label>Correo electr\u00f3nico<\/label><br>\n    <input type=\"email\" style=\"width:100%;padding:8px;\" required><br><br>\n\n    <label>Fecha de entrada<\/label><br>\n    <input type=\"date\" style=\"width:100%;padding:8px;\" required><br><br>\n\n    <label>Fecha de salida<\/label><br>\n    <input type=\"date\" style=\"width:100%;padding:8px;\" required><br><br>\n\n    <label>N\u00famero de personas<\/label><br>\n    <input type=\"number\" min=\"1\" style=\"width:100%;padding:8px;\" required>\n  <\/fieldset>\n\n  <!-- HABITACI\u00d3N B\u00c1SICA -->\n  <fieldset style=\"margin-bottom:20px;\">\n    <legend><strong>Habitaci\u00f3n B\u00e1sica<\/strong><\/legend>\n    <p>\n      \u2714 Cama matrimonial<br>\n      \u2714 Aire acondicionado<br>\n      \u2714 Wi-Fi<br>\n      \ud83d\udcb2 Precio accesible\n    <\/p>\n    <input type=\"radio\" name=\"habitacion\" required> Seleccionar B\u00e1sica\n  <\/fieldset>\n\n  <!-- HABITACI\u00d3N PREMIUM -->\n  <fieldset style=\"margin-bottom:20px;\">\n    <legend><strong>Habitaci\u00f3n Premium<\/strong><\/legend>\n    <p>\n      \u2714 Cama King Size<br>\n      \u2714 Aire acondicionado<br>\n      \u2714 Wi-Fi<br>\n      \u2714 TV<br>\n      \u2714 Vista al jard\u00edn\n    <\/p>\n    <input type=\"radio\" name=\"habitacion\"> Seleccionar Premium\n  <\/fieldset>\n\n  <!-- SUITE -->\n  <fieldset style=\"margin-bottom:20px;\">\n    <legend><strong>Suite<\/strong><\/legend>\n    <p>\n      \u2714 Cama King Size<br>\n      \u2714 Aire acondicionado<br>\n      \u2714 Wi-Fi<br>\n      \u2714 TV<br>\n      \u2714 Sala privada<br>\n      \u2714 Vista a la laguna\n    <\/p>\n    <input type=\"radio\" name=\"habitacion\"> Seleccionar Suite\n  <\/fieldset>\n\n  <button type=\"submit\" style=\"width:100%;padding:12px;font-size:16px;\">\n    Confirmar reservaci\u00f3n\n  <\/button>\n<\/form>\n\n<\/div><\/div><\/div>\n<\/div><\/div>\n","protected":false},"excerpt":{"rendered":"<p>Reservaciones \u2013 Hotel Casa Ariana Bacalar Datos del hu\u00e9sped Nombre completo Correo electr\u00f3nico Fecha de entrada Fecha de salida N\u00famero de personas Habitaci\u00f3n B\u00e1sica \u2714 Cama matrimonial \u2714 Aire acondicionado \u2714 Wi-Fi \ud83d\udcb2 Precio accesible Seleccionar B\u00e1sica Habitaci\u00f3n Premium \u2714 Cama King Size \u2714 Aire acondicionado \u2714 Wi-Fi \u2714 TV \u2714 Vista al jard\u00edn Seleccionar [&hellip;]<\/p>\n","protected":false},"author":2,"featured_media":0,"parent":0,"menu_order":0,"comment_status":"closed","ping_status":"closed","template":"","meta":{"_joinchat":[],"footnotes":""},"class_list":["post-116","page","type-page","status-publish","hentry"],"blocksy_meta":[],"yoast_head":"<!-- This site is optimized with the Yoast SEO plugin v26.6 - https:\/\/yoast.com\/wordpress\/plugins\/seo\/ -->\n<title>Reservaciones \u2013 Hotel Casa Ariana Bacalar - Hotel Casa Ariana Bacalar<\/title>\n<meta name=\"robots\" content=\"index, follow, max-snippet:-1, max-image-preview:large, max-video-preview:-1\" \/>\n<link rel=\"canonical\" href=\"https:\/\/hotelcasaarianabacalar.com\/index.php\/reservaciones-hotel-casa-ariana-bacalar\/\" \/>\n<meta property=\"og:locale\" content=\"en_US\" \/>\n<meta property=\"og:type\" content=\"article\" \/>\n<meta property=\"og:title\" content=\"Reservaciones \u2013 Hotel Casa Ariana Bacalar - Hotel Casa Ariana Bacalar\" \/>\n<meta property=\"og:description\" content=\"Reservaciones \u2013 Hotel Casa Ariana Bacalar Datos del hu\u00e9sped Nombre completo Correo electr\u00f3nico Fecha de entrada Fecha de salida N\u00famero de personas Habitaci\u00f3n B\u00e1sica \u2714 Cama matrimonial \u2714 Aire acondicionado \u2714 Wi-Fi \ud83d\udcb2 Precio accesible Seleccionar B\u00e1sica Habitaci\u00f3n Premium \u2714 Cama King Size \u2714 Aire acondicionado \u2714 Wi-Fi \u2714 TV \u2714 Vista al jard\u00edn Seleccionar [&hellip;]\" \/>\n<meta property=\"og:url\" content=\"https:\/\/hotelcasaarianabacalar.com\/index.php\/reservaciones-hotel-casa-ariana-bacalar\/\" \/>\n<meta property=\"og:site_name\" content=\"Hotel Casa Ariana Bacalar\" \/>\n<meta property=\"article:modified_time\" content=\"2025-12-16T23:25:40+00:00\" \/>\n<meta name=\"twitter:card\" content=\"summary_large_image\" \/>\n<meta name=\"twitter:label1\" content=\"Est. reading time\" \/>\n\t<meta name=\"twitter:data1\" content=\"1 minute\" \/>\n<script type=\"application\/ld+json\" class=\"yoast-schema-graph\">{\"@context\":\"https:\/\/schema.org\",\"@graph\":[{\"@type\":\"WebPage\",\"@id\":\"https:\/\/hotelcasaarianabacalar.com\/index.php\/reservaciones-hotel-casa-ariana-bacalar\/\",\"url\":\"https:\/\/hotelcasaarianabacalar.com\/index.php\/reservaciones-hotel-casa-ariana-bacalar\/\",\"name\":\"Reservaciones \u2013 Hotel Casa Ariana Bacalar - Hotel Casa Ariana Bacalar\",\"isPartOf\":{\"@id\":\"http:\/\/hotelcasaarianabacalar.com\/#website\"},\"datePublished\":\"2025-12-16T23:21:53+00:00\",\"dateModified\":\"2025-12-16T23:25:40+00:00\",\"breadcrumb\":{\"@id\":\"https:\/\/hotelcasaarianabacalar.com\/index.php\/reservaciones-hotel-casa-ariana-bacalar\/#breadcrumb\"},\"inLanguage\":\"en-US\",\"potentialAction\":[{\"@type\":\"ReadAction\",\"target\":[\"https:\/\/hotelcasaarianabacalar.com\/index.php\/reservaciones-hotel-casa-ariana-bacalar\/\"]}]},{\"@type\":\"BreadcrumbList\",\"@id\":\"https:\/\/hotelcasaarianabacalar.com\/index.php\/reservaciones-hotel-casa-ariana-bacalar\/#breadcrumb\",\"itemListElement\":[{\"@type\":\"ListItem\",\"position\":1,\"name\":\"Home\",\"item\":\"http:\/\/hotelcasaarianabacalar.com\/\"},{\"@type\":\"ListItem\",\"position\":2,\"name\":\"Reservaciones \u2013 Hotel Casa Ariana Bacalar\"}]},{\"@type\":\"WebSite\",\"@id\":\"http:\/\/hotelcasaarianabacalar.com\/#website\",\"url\":\"http:\/\/hotelcasaarianabacalar.com\/\",\"name\":\"Hotel Casa Ariana Bacalar\",\"description\":\"\",\"potentialAction\":[{\"@type\":\"SearchAction\",\"target\":{\"@type\":\"EntryPoint\",\"urlTemplate\":\"http:\/\/hotelcasaarianabacalar.com\/?s={search_term_string}\"},\"query-input\":{\"@type\":\"PropertyValueSpecification\",\"valueRequired\":true,\"valueName\":\"search_term_string\"}}],\"inLanguage\":\"en-US\"}]}<\/script>\n<!-- \/ Yoast SEO plugin. -->","yoast_head_json":{"title":"Reservaciones \u2013 Hotel Casa Ariana Bacalar - Hotel Casa Ariana Bacalar","robots":{"index":"index","follow":"follow","max-snippet":"max-snippet:-1","max-image-preview":"max-image-preview:large","max-video-preview":"max-video-preview:-1"},"canonical":"https:\/\/hotelcasaarianabacalar.com\/index.php\/reservaciones-hotel-casa-ariana-bacalar\/","og_locale":"en_US","og_type":"article","og_title":"Reservaciones \u2013 Hotel Casa Ariana Bacalar - Hotel Casa Ariana Bacalar","og_description":"Reservaciones \u2013 Hotel Casa Ariana Bacalar Datos del hu\u00e9sped Nombre completo Correo electr\u00f3nico Fecha de entrada Fecha de salida N\u00famero de personas Habitaci\u00f3n B\u00e1sica \u2714 Cama matrimonial \u2714 Aire acondicionado \u2714 Wi-Fi \ud83d\udcb2 Precio accesible Seleccionar B\u00e1sica Habitaci\u00f3n Premium \u2714 Cama King Size \u2714 Aire acondicionado \u2714 Wi-Fi \u2714 TV \u2714 Vista al jard\u00edn Seleccionar [&hellip;]","og_url":"https:\/\/hotelcasaarianabacalar.com\/index.php\/reservaciones-hotel-casa-ariana-bacalar\/","og_site_name":"Hotel Casa Ariana Bacalar","article_modified_time":"2025-12-16T23:25:40+00:00","twitter_card":"summary_large_image","twitter_misc":{"Est. reading time":"1 minute"},"schema":{"@context":"https:\/\/schema.org","@graph":[{"@type":"WebPage","@id":"https:\/\/hotelcasaarianabacalar.com\/index.php\/reservaciones-hotel-casa-ariana-bacalar\/","url":"https:\/\/hotelcasaarianabacalar.com\/index.php\/reservaciones-hotel-casa-ariana-bacalar\/","name":"Reservaciones \u2013 Hotel Casa Ariana Bacalar - Hotel Casa Ariana Bacalar","isPartOf":{"@id":"http:\/\/hotelcasaarianabacalar.com\/#website"},"datePublished":"2025-12-16T23:21:53+00:00","dateModified":"2025-12-16T23:25:40+00:00","breadcrumb":{"@id":"https:\/\/hotelcasaarianabacalar.com\/index.php\/reservaciones-hotel-casa-ariana-bacalar\/#breadcrumb"},"inLanguage":"en-US","potentialAction":[{"@type":"ReadAction","target":["https:\/\/hotelcasaarianabacalar.com\/index.php\/reservaciones-hotel-casa-ariana-bacalar\/"]}]},{"@type":"BreadcrumbList","@id":"https:\/\/hotelcasaarianabacalar.com\/index.php\/reservaciones-hotel-casa-ariana-bacalar\/#breadcrumb","itemListElement":[{"@type":"ListItem","position":1,"name":"Home","item":"http:\/\/hotelcasaarianabacalar.com\/"},{"@type":"ListItem","position":2,"name":"Reservaciones \u2013 Hotel Casa Ariana Bacalar"}]},{"@type":"WebSite","@id":"http:\/\/hotelcasaarianabacalar.com\/#website","url":"http:\/\/hotelcasaarianabacalar.com\/","name":"Hotel Casa Ariana Bacalar","description":"","potentialAction":[{"@type":"SearchAction","target":{"@type":"EntryPoint","urlTemplate":"http:\/\/hotelcasaarianabacalar.com\/?s={search_term_string}"},"query-input":{"@type":"PropertyValueSpecification","valueRequired":true,"valueName":"search_term_string"}}],"inLanguage":"en-US"}]}},"_links":{"self":[{"href":"https:\/\/hotelcasaarianabacalar.com\/index.php\/wp-json\/wp\/v2\/pages\/116","targetHints":{"allow":["GET"]}}],"collection":[{"href":"https:\/\/hotelcasaarianabacalar.com\/index.php\/wp-json\/wp\/v2\/pages"}],"about":[{"href":"https:\/\/hotelcasaarianabacalar.com\/index.php\/wp-json\/wp\/v2\/types\/page"}],"author":[{"embeddable":true,"href":"https:\/\/hotelcasaarianabacalar.com\/index.php\/wp-json\/wp\/v2\/users\/2"}],"replies":[{"embeddable":true,"href":"https:\/\/hotelcasaarianabacalar.com\/index.php\/wp-json\/wp\/v2\/comments?post=116"}],"version-history":[{"count":1,"href":"https:\/\/hotelcasaarianabacalar.com\/index.php\/wp-json\/wp\/v2\/pages\/116\/revisions"}],"predecessor-version":[{"id":117,"href":"https:\/\/hotelcasaarianabacalar.com\/index.php\/wp-json\/wp\/v2\/pages\/116\/revisions\/117"}],"wp:attachment":[{"href":"https:\/\/hotelcasaarianabacalar.com\/index.php\/wp-json\/wp\/v2\/media?parent=116"}],"curies":[{"name":"wp","href":"https:\/\/api.w.org\/{rel}","templated":true}]}}